{"id":14,"date":"2025-06-09T15:50:22","date_gmt":"2025-06-09T15:50:22","guid":{"rendered":"https:\/\/antxusaroztegia.rkinformatika.online\/?page_id=14"},"modified":"2025-06-10T08:08:29","modified_gmt":"2025-06-10T08:08:29","slug":"inicio","status":"publish","type":"page","link":"https:\/\/antxusaroztegia.eus\/eu\/","title":{"rendered":"Hasiera"},"content":{"rendered":"\t\t<div data-elementor-type=\"wp-page\" data-elementor-id=\"14\" class=\"elementor elementor-14\" data-elementor-post-type=\"page\">\n\t\t\t\t<div class=\"elementor-element elementor-element-878d23e e-flex e-con-boxed e-con e-parent\" data-id=\"878d23e\" data-element_type=\"container\" data-e-type=\"container\" data-settings=\"{&quot;background_background&quot;:&quot;slideshow&quot;,&quot;background_slideshow_gallery&quot;:[{&quot;id&quot;:103,&quot;url&quot;:&quot;https:\\\/\\\/antxusaroztegia.eus\\\/wp-content\\\/uploads\\\/2025\\\/06\\\/SaveClip.App_233740877_215048497296453_508793337398811291_n.jpg&quot;},{&quot;id&quot;:133,&quot;url&quot;:&quot;https:\\\/\\\/antxusaroztegia.eus\\\/wp-content\\\/uploads\\\/2025\\\/06\\\/SaveClip.App_178817781_277396850732241_8392630498339404841_n.jpg&quot;},{&quot;id&quot;:131,&quot;url&quot;:&quot;https:\\\/\\\/antxusaroztegia.eus\\\/wp-content\\\/uploads\\\/2025\\\/06\\\/SaveClip.App_72792610_182269689606800_6859282867180687342_n.jpg&quot;}],&quot;background_slideshow_loop&quot;:&quot;yes&quot;,&quot;background_slideshow_slide_duration&quot;:5000,&quot;background_slideshow_slide_transition&quot;:&quot;fade&quot;,&quot;background_slideshow_transition_duration&quot;:500}\">\n\t\t\t\t\t<div class=\"e-con-inner\">\n\t\t\t\t<div class=\"elementor-element elementor-element-e2e26b5 elementor-widget__width-initial elementor-invisible elementor-widget elementor-widget-heading\" data-id=\"e2e26b5\" data-element_type=\"widget\" data-e-type=\"widget\" data-settings=\"{&quot;_animation&quot;:&quot;fadeInLeft&quot;}\" data-widget_type=\"heading.default\">\n\t\t\t\t<div class=\"elementor-widget-container\">\n\t\t\t\t\t<h2 class=\"elementor-heading-title elementor-size-default\">Antxus Aroztegia<\/h2>\t\t\t\t<\/div>\n\t\t\t\t<\/div>\n\t\t\t\t<div class=\"elementor-element elementor-element-b64567a elementor-widget__width-initial elementor-invisible elementor-widget elementor-widget-text-editor\" data-id=\"b64567a\" data-element_type=\"widget\" data-e-type=\"widget\" data-settings=\"{&quot;_animation&quot;:&quot;fadeInUp&quot;}\" data-widget_type=\"text-editor.default\">\n\t\t\t\t<div class=\"elementor-widget-container\">\n\t\t\t\t\t\t\t\t\t<p>Carpinteria en general<\/p>\t\t\t\t\t\t\t\t<\/div>\n\t\t\t\t<\/div>\n\t\t\t\t\t<\/div>\n\t\t\t\t<\/div>\n\t\t<div class=\"elementor-element elementor-element-3126f52 e-flex e-con-boxed e-con e-parent\" data-id=\"3126f52\" data-element_type=\"container\" data-e-type=\"container\" data-settings=\"{&quot;background_background&quot;:&quot;classic&quot;}\">\n\t\t\t\t\t<div class=\"e-con-inner\">\n\t\t<div class=\"elementor-element elementor-element-199c9e5 e-con-full e-flex e-con e-child\" data-id=\"199c9e5\" data-element_type=\"container\" data-e-type=\"container\">\n\t\t\t\t<div class=\"elementor-element elementor-element-cffb6bc elementor-widget elementor-widget-heading\" data-id=\"cffb6bc\" data-element_type=\"widget\" data-e-type=\"widget\" data-widget_type=\"heading.default\">\n\t\t\t\t<div class=\"elementor-widget-container\">\n\t\t\t\t\t<h2 class=\"elementor-heading-title elementor-size-default\">Sobre Nosotros<\/h2>\t\t\t\t<\/div>\n\t\t\t\t<\/div>\n\t\t\t\t<div class=\"elementor-element elementor-element-da1eb41 elementor-widget elementor-widget-text-editor\" data-id=\"da1eb41\" data-element_type=\"widget\" data-e-type=\"widget\" data-widget_type=\"text-editor.default\">\n\t\t\t\t<div class=\"elementor-widget-container\">\n\t\t\t\t\t\t\t\t\t<p>En Antxus Aroztegia, somos una empresa joven y emprendedora con sede en Gernika-Lumo (Bizkaia), dedicada con pasi\u00f3n y compromiso al mundo del mueble y la carpinter\u00eda desde 2021.<\/p><p>Ofrecemos soluciones a medida en cocinas, armarios, puertas, suelos y ventanas, combinando la tradici\u00f3n artesanal con un enfoque moderno y personalizado. Nos especializamos en carpinter\u00eda general, adapt\u00e1ndonos a las necesidades de cada cliente y cuidando cada detalle en cada proyecto.<\/p><p>Nuestra dedicaci\u00f3n, calidad en los acabados y cercan\u00eda en el trato nos definen. En Antxus Aroztegia, hacemos realidad tus ideas en madera.<\/p>\t\t\t\t\t\t\t\t<\/div>\n\t\t\t\t<\/div>\n\t\t\t\t<\/div>\n\t\t<div class=\"elementor-element elementor-element-acb6797 e-con-full e-flex e-con e-child\" data-id=\"acb6797\" data-element_type=\"container\" data-e-type=\"container\">\n\t\t\t\t<div class=\"elementor-element elementor-element-3f91ba9 elementor-widget elementor-widget-image\" data-id=\"3f91ba9\" data-element_type=\"widget\" data-e-type=\"widget\" data-widget_type=\"image.default\">\n\t\t\t\t<div class=\"elementor-widget-container\">\n\t\t\t\t\t\t\t\t\t\t\t\t\t\t\t<img fetchpriority=\"high\" decoding=\"async\" width=\"800\" height=\"454\" src=\"https:\/\/antxusaroztegia.eus\/wp-content\/uploads\/2025\/06\/SaveClip.App_358171968_678458657643394_7664749078045654504_n-1024x581.jpg\" class=\"attachment-large size-large wp-image-111\" alt=\"\" srcset=\"https:\/\/antxusaroztegia.eus\/wp-content\/uploads\/2025\/06\/SaveClip.App_358171968_678458657643394_7664749078045654504_n-1024x581.jpg 1024w, https:\/\/antxusaroztegia.eus\/wp-content\/uploads\/2025\/06\/SaveClip.App_358171968_678458657643394_7664749078045654504_n-300x170.jpg 300w, https:\/\/antxusaroztegia.eus\/wp-content\/uploads\/2025\/06\/SaveClip.App_358171968_678458657643394_7664749078045654504_n-768x436.jpg 768w, https:\/\/antxusaroztegia.eus\/wp-content\/uploads\/2025\/06\/SaveClip.App_358171968_678458657643394_7664749078045654504_n-18x10.jpg 18w, https:\/\/antxusaroztegia.eus\/wp-content\/uploads\/2025\/06\/SaveClip.App_358171968_678458657643394_7664749078045654504_n.jpg 1080w\" sizes=\"(max-width: 800px) 100vw, 800px\" \/>\t\t\t\t\t\t\t\t\t\t\t\t\t\t\t<\/div>\n\t\t\t\t<\/div>\n\t\t\t\t<\/div>\n\t\t\t\t\t<\/div>\n\t\t\t\t<\/div>\n\t\t<div class=\"elementor-element elementor-element-2a45d2f e-con-full e-flex e-con e-parent\" data-id=\"2a45d2f\" data-element_type=\"container\" data-e-type=\"container\" data-settings=\"{&quot;background_background&quot;:&quot;classic&quot;}\">\n\t\t\t\t<div class=\"elementor-element elementor-element-9c15598 elementor-cta--skin-cover elementor-cta--valign-middle elementor-animated-content elementor-bg-transform elementor-bg-transform-zoom-in elementor-widget elementor-widget-call-to-action\" data-id=\"9c15598\" data-element_type=\"widget\" data-e-type=\"widget\" data-widget_type=\"call-to-action.default\">\n\t\t\t\t<div class=\"elementor-widget-container\">\n\t\t\t\t\t\t\t<div class=\"elementor-cta\">\n\t\t\t\t\t<div class=\"elementor-cta__bg-wrapper\">\n\t\t\t\t<div class=\"elementor-cta__bg elementor-bg\" style=\"background-image: url(https:\/\/antxusaroztegia.eus\/wp-content\/uploads\/2025\/06\/SaveClip.App_358394311_254218530662025_5303597430215795202_n-1024x581.jpg);\" role=\"img\" aria-label=\"SaveClip.App_358394311_254218530662025_5303597430215795202_n\"><\/div>\n\t\t\t\t<div class=\"elementor-cta__bg-overlay\"><\/div>\n\t\t\t<\/div>\n\t\t\t\t\t\t\t<div class=\"elementor-cta__content\">\n\t\t\t\t\n\t\t\t\t\t\t\t\t\t<h2 class=\"elementor-cta__title elementor-cta__content-item elementor-content-item elementor-animated-item--grow\">\n\t\t\t\t\t\tDescubre todo lo que podemos hacer por tu hogar.\t\t\t\t\t<\/h2>\n\t\t\t\t\n\t\t\t\t\t\t\t\t\t<div class=\"elementor-cta__description elementor-cta__content-item elementor-content-item elementor-animated-item--grow\">\n\t\t\t\t\t\tDise\u00f1os \u00fanicos, soluciones a medida. \u00a1Te invitamos a conocer nuestros servicios!\t\t\t\t\t<\/div>\n\t\t\t\t\n\t\t\t\t\t\t\t\t\t<div class=\"elementor-cta__button-wrapper elementor-cta__content-item elementor-content-item elementor-animated-item--grow\">\n\t\t\t\t\t<a class=\"elementor-cta__button elementor-button elementor-size-\" href=\"https:\/\/antxusaroztegia.eus\/servicios\/\">\n\t\t\t\t\t\tSERVICIOS\t\t\t\t\t<\/a>\n\t\t\t\t\t<\/div>\n\t\t\t\t\t\t\t<\/div>\n\t\t\t\t\t\t<\/div>\n\t\t\t\t\t\t<\/div>\n\t\t\t\t<\/div>\n\t\t\t\t<\/div>\n\t\t\t\t<\/div>\n\t\t","protected":false},"excerpt":{"rendered":"<p>Antxus Aroztegia Carpinteria en general Sobre Nosotros En Antxus Aroztegia, somos una empresa joven y emprendedora con sede en Gernika-Lumo (Bizkaia), dedicada con pasi\u00f3n y compromiso al mundo del mueble y la carpinter\u00eda desde 2021. Ofrecemos soluciones a medida en cocinas, armarios, puertas, suelos y ventanas, combinando la tradici\u00f3n artesanal con un enfoque moderno y [&hellip;]<\/p>\n","protected":false},"author":1,"featured_media":0,"parent":0,"menu_order":0,"comment_status":"closed","ping_status":"closed","template":"elementor_canvas","meta":{"footnotes":""},"class_list":["post-14","page","type-page","status-publish","hentry"],"yoast_head":"<!-- This site is optimized with the Yoast SEO plugin v27.3 - https:\/\/yoast.com\/product\/yoast-seo-wordpress\/ -->\n<title>Inicio - Antxus Aroztegia<\/title>\n<meta name=\"robots\" content=\"index, follow, max-snippet:-1, max-image-preview:large, max-video-preview:-1\" \/>\n<link rel=\"canonical\" href=\"https:\/\/antxusaroztegia.eus\/eu\/\" \/>\n<meta property=\"og:locale\" content=\"en_US\" \/>\n<meta property=\"og:type\" content=\"article\" \/>\n<meta property=\"og:title\" content=\"Inicio - Antxus Aroztegia\" \/>\n<meta property=\"og:description\" content=\"Antxus Aroztegia Carpinteria en general Sobre Nosotros En Antxus Aroztegia, somos una empresa joven y emprendedora con sede en Gernika-Lumo (Bizkaia), dedicada con pasi\u00f3n y compromiso al mundo del mueble y la carpinter\u00eda desde 2021. Ofrecemos soluciones a medida en cocinas, armarios, puertas, suelos y ventanas, combinando la tradici\u00f3n artesanal con un enfoque moderno y [&hellip;]\" \/>\n<meta property=\"og:url\" content=\"https:\/\/antxusaroztegia.eus\/eu\/\" \/>\n<meta property=\"og:site_name\" content=\"Antxus Aroztegia\" \/>\n<meta property=\"article:modified_time\" content=\"2025-06-10T08:08:29+00:00\" \/>\n<meta property=\"og:image\" content=\"https:\/\/antxusaroztegia.eus\/wp-content\/uploads\/2025\/06\/SaveClip.App_358171968_678458657643394_7664749078045654504_n-1024x581.jpg\" \/>\n<meta name=\"twitter:card\" content=\"summary_large_image\" \/>\n<meta name=\"twitter:label1\" content=\"Est. reading time\" \/>\n\t<meta name=\"twitter:data1\" content=\"1 minutua\" \/>\n<script type=\"application\/ld+json\" class=\"yoast-schema-graph\">{\"@context\":\"https:\\\/\\\/schema.org\",\"@graph\":[{\"@type\":\"WebPage\",\"@id\":\"https:\\\/\\\/antxusaroztegia.eus\\\/\",\"url\":\"https:\\\/\\\/antxusaroztegia.eus\\\/\",\"name\":\"Inicio - Antxus Aroztegia\",\"isPartOf\":{\"@id\":\"https:\\\/\\\/antxusaroztegia.eus\\\/#website\"},\"primaryImageOfPage\":{\"@id\":\"https:\\\/\\\/antxusaroztegia.eus\\\/#primaryimage\"},\"image\":{\"@id\":\"https:\\\/\\\/antxusaroztegia.eus\\\/#primaryimage\"},\"thumbnailUrl\":\"https:\\\/\\\/antxusaroztegia.eus\\\/wp-content\\\/uploads\\\/2025\\\/06\\\/SaveClip.App_358171968_678458657643394_7664749078045654504_n-1024x581.jpg\",\"datePublished\":\"2025-06-09T15:50:22+00:00\",\"dateModified\":\"2025-06-10T08:08:29+00:00\",\"breadcrumb\":{\"@id\":\"https:\\\/\\\/antxusaroztegia.eus\\\/#breadcrumb\"},\"inLanguage\":\"eu\",\"potentialAction\":[{\"@type\":\"ReadAction\",\"target\":[\"https:\\\/\\\/antxusaroztegia.eus\\\/\"]}]},{\"@type\":\"ImageObject\",\"inLanguage\":\"eu\",\"@id\":\"https:\\\/\\\/antxusaroztegia.eus\\\/#primaryimage\",\"url\":\"https:\\\/\\\/antxusaroztegia.eus\\\/wp-content\\\/uploads\\\/2025\\\/06\\\/SaveClip.App_358171968_678458657643394_7664749078045654504_n-1024x581.jpg\",\"contentUrl\":\"https:\\\/\\\/antxusaroztegia.eus\\\/wp-content\\\/uploads\\\/2025\\\/06\\\/SaveClip.App_358171968_678458657643394_7664749078045654504_n-1024x581.jpg\"},{\"@type\":\"BreadcrumbList\",\"@id\":\"https:\\\/\\\/antxusaroztegia.eus\\\/#breadcrumb\",\"itemListElement\":[{\"@type\":\"ListItem\",\"position\":1,\"name\":\"Portada\",\"item\":\"https:\\\/\\\/antxusaroztegia.eus\\\/\"},{\"@type\":\"ListItem\",\"position\":2,\"name\":\"Inicio\"}]},{\"@type\":\"WebSite\",\"@id\":\"https:\\\/\\\/antxusaroztegia.eus\\\/#website\",\"url\":\"https:\\\/\\\/antxusaroztegia.eus\\\/\",\"name\":\"Antxus Aroztegia\",\"description\":\"Carpinteria en general\",\"publisher\":{\"@id\":\"https:\\\/\\\/antxusaroztegia.eus\\\/#organization\"},\"potentialAction\":[{\"@type\":\"SearchAction\",\"target\":{\"@type\":\"EntryPoint\",\"urlTemplate\":\"https:\\\/\\\/antxusaroztegia.eus\\\/?s={search_term_string}\"},\"query-input\":{\"@type\":\"PropertyValueSpecification\",\"valueRequired\":true,\"valueName\":\"search_term_string\"}}],\"inLanguage\":\"eu\"},{\"@type\":\"Organization\",\"@id\":\"https:\\\/\\\/antxusaroztegia.eus\\\/#organization\",\"name\":\"Antxus Aroztegia\",\"url\":\"https:\\\/\\\/antxusaroztegia.eus\\\/\",\"logo\":{\"@type\":\"ImageObject\",\"inLanguage\":\"eu\",\"@id\":\"https:\\\/\\\/antxusaroztegia.eus\\\/#\\\/schema\\\/logo\\\/image\\\/\",\"url\":\"https:\\\/\\\/antxusaroztegia.eus\\\/wp-content\\\/uploads\\\/2025\\\/06\\\/cropped-Diseno-sin-titulo.png\",\"contentUrl\":\"https:\\\/\\\/antxusaroztegia.eus\\\/wp-content\\\/uploads\\\/2025\\\/06\\\/cropped-Diseno-sin-titulo.png\",\"width\":500,\"height\":185,\"caption\":\"Antxus Aroztegia\"},\"image\":{\"@id\":\"https:\\\/\\\/antxusaroztegia.eus\\\/#\\\/schema\\\/logo\\\/image\\\/\"}}]}<\/script>\n<!-- \/ Yoast SEO plugin. -->","yoast_head_json":{"title":"Inicio - Antxus Aroztegia","robots":{"index":"index","follow":"follow","max-snippet":"max-snippet:-1","max-image-preview":"max-image-preview:large","max-video-preview":"max-video-preview:-1"},"canonical":"https:\/\/antxusaroztegia.eus\/eu\/","og_locale":"en_US","og_type":"article","og_title":"Inicio - Antxus Aroztegia","og_description":"Antxus Aroztegia Carpinteria en general Sobre Nosotros En Antxus Aroztegia, somos una empresa joven y emprendedora con sede en Gernika-Lumo (Bizkaia), dedicada con pasi\u00f3n y compromiso al mundo del mueble y la carpinter\u00eda desde 2021. Ofrecemos soluciones a medida en cocinas, armarios, puertas, suelos y ventanas, combinando la tradici\u00f3n artesanal con un enfoque moderno y [&hellip;]","og_url":"https:\/\/antxusaroztegia.eus\/eu\/","og_site_name":"Antxus Aroztegia","article_modified_time":"2025-06-10T08:08:29+00:00","og_image":[{"url":"https:\/\/antxusaroztegia.eus\/wp-content\/uploads\/2025\/06\/SaveClip.App_358171968_678458657643394_7664749078045654504_n-1024x581.jpg","type":"","width":"","height":""}],"twitter_card":"summary_large_image","twitter_misc":{"Est. reading time":"1 minutua"},"schema":{"@context":"https:\/\/schema.org","@graph":[{"@type":"WebPage","@id":"https:\/\/antxusaroztegia.eus\/","url":"https:\/\/antxusaroztegia.eus\/","name":"Inicio - Antxus Aroztegia","isPartOf":{"@id":"https:\/\/antxusaroztegia.eus\/#website"},"primaryImageOfPage":{"@id":"https:\/\/antxusaroztegia.eus\/#primaryimage"},"image":{"@id":"https:\/\/antxusaroztegia.eus\/#primaryimage"},"thumbnailUrl":"https:\/\/antxusaroztegia.eus\/wp-content\/uploads\/2025\/06\/SaveClip.App_358171968_678458657643394_7664749078045654504_n-1024x581.jpg","datePublished":"2025-06-09T15:50:22+00:00","dateModified":"2025-06-10T08:08:29+00:00","breadcrumb":{"@id":"https:\/\/antxusaroztegia.eus\/#breadcrumb"},"inLanguage":"eu","potentialAction":[{"@type":"ReadAction","target":["https:\/\/antxusaroztegia.eus\/"]}]},{"@type":"ImageObject","inLanguage":"eu","@id":"https:\/\/antxusaroztegia.eus\/#primaryimage","url":"https:\/\/antxusaroztegia.eus\/wp-content\/uploads\/2025\/06\/SaveClip.App_358171968_678458657643394_7664749078045654504_n-1024x581.jpg","contentUrl":"https:\/\/antxusaroztegia.eus\/wp-content\/uploads\/2025\/06\/SaveClip.App_358171968_678458657643394_7664749078045654504_n-1024x581.jpg"},{"@type":"BreadcrumbList","@id":"https:\/\/antxusaroztegia.eus\/#breadcrumb","itemListElement":[{"@type":"ListItem","position":1,"name":"Portada","item":"https:\/\/antxusaroztegia.eus\/"},{"@type":"ListItem","position":2,"name":"Inicio"}]},{"@type":"WebSite","@id":"https:\/\/antxusaroztegia.eus\/#website","url":"https:\/\/antxusaroztegia.eus\/","name":"Antxus Aroztegia","description":"Arotzeria, oro har","publisher":{"@id":"https:\/\/antxusaroztegia.eus\/#organization"},"potentialAction":[{"@type":"SearchAction","target":{"@type":"EntryPoint","urlTemplate":"https:\/\/antxusaroztegia.eus\/?s={search_term_string}"},"query-input":{"@type":"PropertyValueSpecification","valueRequired":true,"valueName":"search_term_string"}}],"inLanguage":"eu"},{"@type":"Organization","@id":"https:\/\/antxusaroztegia.eus\/#organization","name":"Antxus Aroztegia","url":"https:\/\/antxusaroztegia.eus\/","logo":{"@type":"ImageObject","inLanguage":"eu","@id":"https:\/\/antxusaroztegia.eus\/#\/schema\/logo\/image\/","url":"https:\/\/antxusaroztegia.eus\/wp-content\/uploads\/2025\/06\/cropped-Diseno-sin-titulo.png","contentUrl":"https:\/\/antxusaroztegia.eus\/wp-content\/uploads\/2025\/06\/cropped-Diseno-sin-titulo.png","width":500,"height":185,"caption":"Antxus Aroztegia"},"image":{"@id":"https:\/\/antxusaroztegia.eus\/#\/schema\/logo\/image\/"}}]}},"_links":{"self":[{"href":"https:\/\/antxusaroztegia.eus\/eu\/wp-json\/wp\/v2\/pages\/14","targetHints":{"allow":["GET"]}}],"collection":[{"href":"https:\/\/antxusaroztegia.eus\/eu\/wp-json\/wp\/v2\/pages"}],"about":[{"href":"https:\/\/antxusaroztegia.eus\/eu\/wp-json\/wp\/v2\/types\/page"}],"author":[{"embeddable":true,"href":"https:\/\/antxusaroztegia.eus\/eu\/wp-json\/wp\/v2\/users\/1"}],"replies":[{"embeddable":true,"href":"https:\/\/antxusaroztegia.eus\/eu\/wp-json\/wp\/v2\/comments?post=14"}],"version-history":[{"count":34,"href":"https:\/\/antxusaroztegia.eus\/eu\/wp-json\/wp\/v2\/pages\/14\/revisions"}],"predecessor-version":[{"id":142,"href":"https:\/\/antxusaroztegia.eus\/eu\/wp-json\/wp\/v2\/pages\/14\/revisions\/142"}],"wp:attachment":[{"href":"https:\/\/antxusaroztegia.eus\/eu\/wp-json\/wp\/v2\/media?parent=14"}],"curies":[{"name":"wp","href":"https:\/\/api.w.org\/{rel}","templated":true}]}}