{"id":17,"date":"2025-06-09T15:51:19","date_gmt":"2025-06-09T15:51:19","guid":{"rendered":"https:\/\/antxusaroztegia.rkinformatika.online\/?page_id=17"},"modified":"2025-06-10T08:46:44","modified_gmt":"2025-06-10T08:46:44","slug":"servicios","status":"publish","type":"page","link":"https:\/\/antxusaroztegia.eus\/eu\/servicios\/","title":{"rendered":"Zerbitzuak"},"content":{"rendered":"<div data-elementor-type=\"wp-page\" data-elementor-id=\"17\" class=\"elementor elementor-17\" data-elementor-post-type=\"page\">\n\t\t\t\t<div class=\"elementor-element elementor-element-752522d e-flex e-con-boxed e-con e-parent\" data-id=\"752522d\" data-element_type=\"container\" data-e-type=\"container\" data-settings=\"{&quot;background_background&quot;:&quot;classic&quot;}\">\n\t\t\t\t\t<div class=\"e-con-inner\">\n\t\t\t\t<div class=\"elementor-element elementor-element-3d45aa1 elementor-widget__width-initial elementor-invisible elementor-widget elementor-widget-heading\" data-id=\"3d45aa1\" data-element_type=\"widget\" data-e-type=\"widget\" data-settings=\"{&quot;_animation&quot;:&quot;fadeInLeft&quot;}\" data-widget_type=\"heading.default\">\n\t\t\t\t<div class=\"elementor-widget-container\">\n\t\t\t\t\t<h2 class=\"elementor-heading-title elementor-size-default\">Nuestros Servicios<\/h2>\t\t\t\t<\/div>\n\t\t\t\t<\/div>\n\t\t\t\t<div class=\"elementor-element elementor-element-d79e0b3 elementor-widget__width-initial elementor-invisible elementor-widget elementor-widget-text-editor\" data-id=\"d79e0b3\" data-element_type=\"widget\" data-e-type=\"widget\" data-settings=\"{&quot;_animation&quot;:&quot;fadeInUp&quot;}\" data-widget_type=\"text-editor.default\">\n\t\t\t\t<div class=\"elementor-widget-container\">\n\t\t\t\t\t\t\t\t\t<p>Arotzeria, oro har<\/p>\t\t\t\t\t\t\t\t<\/div>\n\t\t\t\t<\/div>\n\t\t\t\t\t<\/div>\n\t\t\t\t<\/div>\n\t\t<div class=\"elementor-element elementor-element-92a482d e-flex e-con-boxed e-con e-parent\" data-id=\"92a482d\" data-element_type=\"container\" data-e-type=\"container\">\n\t\t\t\t\t<div class=\"e-con-inner\">\n\t\t<div class=\"elementor-element elementor-element-15f9141 e-con-full e-flex e-con e-child\" data-id=\"15f9141\" data-element_type=\"container\" data-e-type=\"container\">\n\t\t\t\t<div class=\"elementor-element elementor-element-ced6091 elementor-widget elementor-widget-image\" data-id=\"ced6091\" data-element_type=\"widget\" data-e-type=\"widget\" data-widget_type=\"image.default\">\n\t\t\t\t<div class=\"elementor-widget-container\">\n\t\t\t\t\t\t\t\t\t\t\t\t\t\t\t<img fetchpriority=\"high\" decoding=\"async\" width=\"800\" height=\"666\" src=\"https:\/\/antxusaroztegia.eus\/wp-content\/uploads\/2025\/06\/Diseno-sin-titulo-2-1024x853.png\" class=\"attachment-large size-large wp-image-178\" alt=\"\" srcset=\"https:\/\/antxusaroztegia.eus\/wp-content\/uploads\/2025\/06\/Diseno-sin-titulo-2-1024x853.png 1024w, https:\/\/antxusaroztegia.eus\/wp-content\/uploads\/2025\/06\/Diseno-sin-titulo-2-300x250.png 300w, https:\/\/antxusaroztegia.eus\/wp-content\/uploads\/2025\/06\/Diseno-sin-titulo-2-768x640.png 768w, https:\/\/antxusaroztegia.eus\/wp-content\/uploads\/2025\/06\/Diseno-sin-titulo-2-14x12.png 14w, https:\/\/antxusaroztegia.eus\/wp-content\/uploads\/2025\/06\/Diseno-sin-titulo-2.png 1200w\" sizes=\"(max-width: 800px) 100vw, 800px\" \/>\t\t\t\t\t\t\t\t\t\t\t\t\t\t\t<\/div>\n\t\t\t\t<\/div>\n\t\t\t\t<div class=\"elementor-element elementor-element-ada1739 elementor-widget elementor-widget-heading\" data-id=\"ada1739\" data-element_type=\"widget\" data-e-type=\"widget\" data-widget_type=\"heading.default\">\n\t\t\t\t<div class=\"elementor-widget-container\">\n\t\t\t\t\t<h2 class=\"elementor-heading-title elementor-size-default\">Carpinter\u00eda en general<\/h2>\t\t\t\t<\/div>\n\t\t\t\t<\/div>\n\t\t\t\t<div class=\"elementor-element elementor-element-40f353b elementor-widget elementor-widget-text-editor\" data-id=\"40f353b\" data-element_type=\"widget\" data-e-type=\"widget\" data-widget_type=\"text-editor.default\">\n\t\t\t\t<div class=\"elementor-widget-container\">\n\t\t\t\t\t\t\t\t\t<p>Realizamos todo tipo de trabajos en madera para viviendas, locales comerciales y reformas. Desde mobiliario a medida hasta soluciones funcionales y est\u00e9ticas para cualquier espacio.<\/p>\t\t\t\t\t\t\t\t<\/div>\n\t\t\t\t<\/div>\n\t\t\t\t<\/div>\n\t\t<div class=\"elementor-element elementor-element-3f0bc2f e-con-full e-flex e-con e-child\" data-id=\"3f0bc2f\" data-element_type=\"container\" data-e-type=\"container\">\n\t\t\t\t<div class=\"elementor-element elementor-element-e8a8e85 elementor-widget elementor-widget-image\" data-id=\"e8a8e85\" data-element_type=\"widget\" data-e-type=\"widget\" data-widget_type=\"image.default\">\n\t\t\t\t<div class=\"elementor-widget-container\">\n\t\t\t\t\t\t\t\t\t\t\t\t\t\t\t<img decoding=\"async\" width=\"800\" height=\"666\" src=\"https:\/\/antxusaroztegia.eus\/wp-content\/uploads\/2025\/06\/Diseno-sin-titulo-3-1024x853.png\" class=\"attachment-large size-large wp-image-179\" alt=\"\" srcset=\"https:\/\/antxusaroztegia.eus\/wp-content\/uploads\/2025\/06\/Diseno-sin-titulo-3-1024x853.png 1024w, https:\/\/antxusaroztegia.eus\/wp-content\/uploads\/2025\/06\/Diseno-sin-titulo-3-300x250.png 300w, https:\/\/antxusaroztegia.eus\/wp-content\/uploads\/2025\/06\/Diseno-sin-titulo-3-768x640.png 768w, https:\/\/antxusaroztegia.eus\/wp-content\/uploads\/2025\/06\/Diseno-sin-titulo-3-14x12.png 14w, https:\/\/antxusaroztegia.eus\/wp-content\/uploads\/2025\/06\/Diseno-sin-titulo-3.png 1200w\" sizes=\"(max-width: 800px) 100vw, 800px\" \/>\t\t\t\t\t\t\t\t\t\t\t\t\t\t\t<\/div>\n\t\t\t\t<\/div>\n\t\t\t\t<div class=\"elementor-element elementor-element-ae4728f elementor-widget elementor-widget-heading\" data-id=\"ae4728f\" data-element_type=\"widget\" data-e-type=\"widget\" data-widget_type=\"heading.default\">\n\t\t\t\t<div class=\"elementor-widget-container\">\n\t\t\t\t\t<h2 class=\"elementor-heading-title elementor-size-default\">Cocinas a medida<\/h2>\t\t\t\t<\/div>\n\t\t\t\t<\/div>\n\t\t\t\t<div class=\"elementor-element elementor-element-6bf3785 elementor-widget elementor-widget-text-editor\" data-id=\"6bf3785\" data-element_type=\"widget\" data-e-type=\"widget\" data-widget_type=\"text-editor.default\">\n\t\t\t\t<div class=\"elementor-widget-container\">\n\t\t\t\t\t\t\t\t\t<p>Realizamos todo tipo de trabajos en madera para viviendas, locales comerciales y reformas. Desde mobiliario a medida hasta soluciones funcionales y est\u00e9ticas para cualquier espacio.<\/p>\t\t\t\t\t\t\t\t<\/div>\n\t\t\t\t<\/div>\n\t\t\t\t<\/div>\n\t\t<div class=\"elementor-element elementor-element-187daa5 e-con-full e-flex e-con e-child\" data-id=\"187daa5\" data-element_type=\"container\" data-e-type=\"container\">\n\t\t\t\t<div class=\"elementor-element elementor-element-b408f1e elementor-widget elementor-widget-image\" data-id=\"b408f1e\" data-element_type=\"widget\" data-e-type=\"widget\" data-widget_type=\"image.default\">\n\t\t\t\t<div class=\"elementor-widget-container\">\n\t\t\t\t\t\t\t\t\t\t\t\t\t\t\t<img decoding=\"async\" width=\"800\" height=\"666\" src=\"https:\/\/antxusaroztegia.eus\/wp-content\/uploads\/2025\/06\/Diseno-sin-titulo-4-1024x853.png\" class=\"attachment-large size-large wp-image-181\" alt=\"\" srcset=\"https:\/\/antxusaroztegia.eus\/wp-content\/uploads\/2025\/06\/Diseno-sin-titulo-4-1024x853.png 1024w, https:\/\/antxusaroztegia.eus\/wp-content\/uploads\/2025\/06\/Diseno-sin-titulo-4-300x250.png 300w, https:\/\/antxusaroztegia.eus\/wp-content\/uploads\/2025\/06\/Diseno-sin-titulo-4-768x640.png 768w, https:\/\/antxusaroztegia.eus\/wp-content\/uploads\/2025\/06\/Diseno-sin-titulo-4-14x12.png 14w, https:\/\/antxusaroztegia.eus\/wp-content\/uploads\/2025\/06\/Diseno-sin-titulo-4.png 1200w\" sizes=\"(max-width: 800px) 100vw, 800px\" \/>\t\t\t\t\t\t\t\t\t\t\t\t\t\t\t<\/div>\n\t\t\t\t<\/div>\n\t\t\t\t<div class=\"elementor-element elementor-element-5cd549e elementor-widget elementor-widget-heading\" data-id=\"5cd549e\" data-element_type=\"widget\" data-e-type=\"widget\" data-widget_type=\"heading.default\">\n\t\t\t\t<div class=\"elementor-widget-container\">\n\t\t\t\t\t<h2 class=\"elementor-heading-title elementor-size-default\">Armarios a medida<\/h2>\t\t\t\t<\/div>\n\t\t\t\t<\/div>\n\t\t\t\t<div class=\"elementor-element elementor-element-3b6c33a elementor-widget elementor-widget-text-editor\" data-id=\"3b6c33a\" data-element_type=\"widget\" data-e-type=\"widget\" data-widget_type=\"text-editor.default\">\n\t\t\t\t<div class=\"elementor-widget-container\">\n\t\t\t\t\t\t\t\t\t<p>Armarios empotrados, vestidores, puertas correderas o abatibles, hechos a medida para aprovechar al m\u00e1ximo cada rinc\u00f3n con acabados modernos o cl\u00e1sicos, seg\u00fan tu gusto.<\/p>\t\t\t\t\t\t\t\t<\/div>\n\t\t\t\t<\/div>\n\t\t\t\t<\/div>\n\t\t\t\t\t<\/div>\n\t\t\t\t<\/div>\n\t\t<div class=\"elementor-element elementor-element-2e13397 e-flex e-con-boxed e-con e-parent\" data-id=\"2e13397\" data-element_type=\"container\" data-e-type=\"container\">\n\t\t\t\t\t<div class=\"e-con-inner\">\n\t\t<div class=\"elementor-element elementor-element-fc9d4fe e-con-full e-flex e-con e-child\" data-id=\"fc9d4fe\" data-element_type=\"container\" data-e-type=\"container\">\n\t\t\t\t<div class=\"elementor-element elementor-element-8bfa48b elementor-widget elementor-widget-image\" data-id=\"8bfa48b\" data-element_type=\"widget\" data-e-type=\"widget\" data-widget_type=\"image.default\">\n\t\t\t\t<div class=\"elementor-widget-container\">\n\t\t\t\t\t\t\t\t\t\t\t\t\t\t\t<img loading=\"lazy\" decoding=\"async\" width=\"800\" height=\"666\" src=\"https:\/\/antxusaroztegia.eus\/wp-content\/uploads\/2025\/06\/Diseno-sin-titulo-5-1024x853.png\" class=\"attachment-large size-large wp-image-182\" alt=\"\" srcset=\"https:\/\/antxusaroztegia.eus\/wp-content\/uploads\/2025\/06\/Diseno-sin-titulo-5-1024x853.png 1024w, https:\/\/antxusaroztegia.eus\/wp-content\/uploads\/2025\/06\/Diseno-sin-titulo-5-300x250.png 300w, https:\/\/antxusaroztegia.eus\/wp-content\/uploads\/2025\/06\/Diseno-sin-titulo-5-768x640.png 768w, https:\/\/antxusaroztegia.eus\/wp-content\/uploads\/2025\/06\/Diseno-sin-titulo-5-14x12.png 14w, https:\/\/antxusaroztegia.eus\/wp-content\/uploads\/2025\/06\/Diseno-sin-titulo-5.png 1200w\" sizes=\"(max-width: 800px) 100vw, 800px\" \/>\t\t\t\t\t\t\t\t\t\t\t\t\t\t\t<\/div>\n\t\t\t\t<\/div>\n\t\t\t\t<div class=\"elementor-element elementor-element-166ee8c elementor-widget elementor-widget-heading\" data-id=\"166ee8c\" data-element_type=\"widget\" data-e-type=\"widget\" data-widget_type=\"heading.default\">\n\t\t\t\t<div class=\"elementor-widget-container\">\n\t\t\t\t\t<h2 class=\"elementor-heading-title elementor-size-default\">Puertas<\/h2>\t\t\t\t<\/div>\n\t\t\t\t<\/div>\n\t\t\t\t<div class=\"elementor-element elementor-element-012ddf3 elementor-widget elementor-widget-text-editor\" data-id=\"012ddf3\" data-element_type=\"widget\" data-e-type=\"widget\" data-widget_type=\"text-editor.default\">\n\t\t\t\t<div class=\"elementor-widget-container\">\n\t\t\t\t\t\t\t\t\t<p>Instalamos puertas de madera maciza, laminadas o lacadas, con dise\u00f1os que se integran perfectamente en cualquier estilo de vivienda o espacio profesional.<\/p>\t\t\t\t\t\t\t\t<\/div>\n\t\t\t\t<\/div>\n\t\t\t\t<\/div>\n\t\t<div class=\"elementor-element elementor-element-5892b49 e-con-full e-flex e-con e-child\" data-id=\"5892b49\" data-element_type=\"container\" data-e-type=\"container\">\n\t\t\t\t<div class=\"elementor-element elementor-element-ec9a736 elementor-widget elementor-widget-image\" data-id=\"ec9a736\" data-element_type=\"widget\" data-e-type=\"widget\" data-widget_type=\"image.default\">\n\t\t\t\t<div class=\"elementor-widget-container\">\n\t\t\t\t\t\t\t\t\t\t\t\t\t\t\t<img loading=\"lazy\" decoding=\"async\" width=\"800\" height=\"666\" src=\"https:\/\/antxusaroztegia.eus\/wp-content\/uploads\/2025\/06\/Diseno-sin-titulo-6-1024x853.png\" class=\"attachment-large size-large wp-image-186\" alt=\"\" srcset=\"https:\/\/antxusaroztegia.eus\/wp-content\/uploads\/2025\/06\/Diseno-sin-titulo-6-1024x853.png 1024w, https:\/\/antxusaroztegia.eus\/wp-content\/uploads\/2025\/06\/Diseno-sin-titulo-6-300x250.png 300w, https:\/\/antxusaroztegia.eus\/wp-content\/uploads\/2025\/06\/Diseno-sin-titulo-6-768x640.png 768w, https:\/\/antxusaroztegia.eus\/wp-content\/uploads\/2025\/06\/Diseno-sin-titulo-6-14x12.png 14w, https:\/\/antxusaroztegia.eus\/wp-content\/uploads\/2025\/06\/Diseno-sin-titulo-6.png 1200w\" sizes=\"(max-width: 800px) 100vw, 800px\" \/>\t\t\t\t\t\t\t\t\t\t\t\t\t\t\t<\/div>\n\t\t\t\t<\/div>\n\t\t\t\t<div class=\"elementor-element elementor-element-57c95dc elementor-widget elementor-widget-heading\" data-id=\"57c95dc\" data-element_type=\"widget\" data-e-type=\"widget\" data-widget_type=\"heading.default\">\n\t\t\t\t<div class=\"elementor-widget-container\">\n\t\t\t\t\t<h2 class=\"elementor-heading-title elementor-size-default\">Suelos de madera<\/h2>\t\t\t\t<\/div>\n\t\t\t\t<\/div>\n\t\t\t\t<div class=\"elementor-element elementor-element-dba3e8c elementor-widget elementor-widget-text-editor\" data-id=\"dba3e8c\" data-element_type=\"widget\" data-e-type=\"widget\" data-widget_type=\"text-editor.default\">\n\t\t\t\t<div class=\"elementor-widget-container\">\n\t\t\t\t\t\t\t\t\t<p>Colocaci\u00f3n de suelos de madera natural, tarima flotante o laminados. Asesoramiento sobre materiales y acabados para lograr ambientes c\u00e1lidos y resistentes.<\/p>\t\t\t\t\t\t\t\t<\/div>\n\t\t\t\t<\/div>\n\t\t\t\t<\/div>\n\t\t<div class=\"elementor-element elementor-element-d24414b e-con-full e-flex e-con e-child\" data-id=\"d24414b\" data-element_type=\"container\" data-e-type=\"container\">\n\t\t\t\t<div class=\"elementor-element elementor-element-719868f elementor-widget elementor-widget-image\" data-id=\"719868f\" data-element_type=\"widget\" data-e-type=\"widget\" data-widget_type=\"image.default\">\n\t\t\t\t<div class=\"elementor-widget-container\">\n\t\t\t\t\t\t\t\t\t\t\t\t\t\t\t<img loading=\"lazy\" decoding=\"async\" width=\"800\" height=\"666\" src=\"https:\/\/antxusaroztegia.eus\/wp-content\/uploads\/2025\/06\/Diseno-sin-titulo-7-1024x853.png\" class=\"attachment-large size-large wp-image-188\" alt=\"\" srcset=\"https:\/\/antxusaroztegia.eus\/wp-content\/uploads\/2025\/06\/Diseno-sin-titulo-7-1024x853.png 1024w, https:\/\/antxusaroztegia.eus\/wp-content\/uploads\/2025\/06\/Diseno-sin-titulo-7-300x250.png 300w, https:\/\/antxusaroztegia.eus\/wp-content\/uploads\/2025\/06\/Diseno-sin-titulo-7-768x640.png 768w, https:\/\/antxusaroztegia.eus\/wp-content\/uploads\/2025\/06\/Diseno-sin-titulo-7-14x12.png 14w, https:\/\/antxusaroztegia.eus\/wp-content\/uploads\/2025\/06\/Diseno-sin-titulo-7.png 1200w\" sizes=\"(max-width: 800px) 100vw, 800px\" \/>\t\t\t\t\t\t\t\t\t\t\t\t\t\t\t<\/div>\n\t\t\t\t<\/div>\n\t\t\t\t<div class=\"elementor-element elementor-element-d03ff8e elementor-widget elementor-widget-heading\" data-id=\"d03ff8e\" data-element_type=\"widget\" data-e-type=\"widget\" data-widget_type=\"heading.default\">\n\t\t\t\t<div class=\"elementor-widget-container\">\n\t\t\t\t\t<h2 class=\"elementor-heading-title elementor-size-default\">Ventanas de madera<\/h2>\t\t\t\t<\/div>\n\t\t\t\t<\/div>\n\t\t\t\t<div class=\"elementor-element elementor-element-c4cc06c elementor-widget elementor-widget-text-editor\" data-id=\"c4cc06c\" data-element_type=\"widget\" data-e-type=\"widget\" data-widget_type=\"text-editor.default\">\n\t\t\t\t<div class=\"elementor-widget-container\">\n\t\t\t\t\t\t\t\t\t<p>Fabricamos e instalamos ventanas de madera que combinan aislamiento t\u00e9rmico, est\u00e9tica y funcionalidad. Tambi\u00e9n trabajamos con soluciones mixtas (madera-aluminio).<\/p>\t\t\t\t\t\t\t\t<\/div>\n\t\t\t\t<\/div>\n\t\t\t\t<\/div>\n\t\t\t\t\t<\/div>\n\t\t\t\t<\/div>\n\t\t<div class=\"elementor-element elementor-element-6bb9ba7 e-con-full e-flex e-con e-parent\" data-id=\"6bb9ba7\" data-element_type=\"container\" data-e-type=\"container\" data-settings=\"{&quot;background_background&quot;:&quot;classic&quot;}\">\n\t\t\t\t<div class=\"elementor-element elementor-element-a219009 elementor-cta--skin-cover elementor-cta--valign-middle elementor-animated-content elementor-bg-transform elementor-bg-transform-zoom-in elementor-widget elementor-widget-call-to-action\" data-id=\"a219009\" data-element_type=\"widget\" data-e-type=\"widget\" data-widget_type=\"call-to-action.default\">\n\t\t\t\t<div class=\"elementor-widget-container\">\n\t\t\t\t\t\t\t<div class=\"elementor-cta\">\n\t\t\t\t\t<div class=\"elementor-cta__bg-wrapper\">\n\t\t\t\t<div class=\"elementor-cta__bg elementor-bg\" style=\"background-image: url(https:\/\/antxusaroztegia.eus\/wp-content\/uploads\/2025\/06\/SaveClip.App_358362050_802255561280706_3421361322481781878_n-1024x581.jpg);\" role=\"img\" aria-label=\"SaveClip.App_358362050_802255561280706_3421361322481781878_n\"><\/div>\n\t\t\t\t<div class=\"elementor-cta__bg-overlay\"><\/div>\n\t\t\t<\/div>\n\t\t\t\t\t\t\t<div class=\"elementor-cta__content\">\n\t\t\t\t\n\t\t\t\t\t\t\t\t\t<h2 class=\"elementor-cta__title elementor-cta__content-item elementor-content-item elementor-animated-item--grow\">\n\t\t\t\t\t\t\u00bfTienes una idea en mente? Hablemos.\t\t\t\t\t<\/h2>\n\t\t\t\t\n\t\t\t\t\t\t\t\t\t<div class=\"elementor-cta__description elementor-cta__content-item elementor-content-item elementor-animated-item--grow\">\n\t\t\t\t\t\tCada proyecto empieza con una conversaci\u00f3n. \u00bfEmpezamos?\t\t\t\t\t<\/div>\n\t\t\t\t\n\t\t\t\t\t\t\t\t\t<div class=\"elementor-cta__button-wrapper elementor-cta__content-item elementor-content-item elementor-animated-item--grow\">\n\t\t\t\t\t<a class=\"elementor-cta__button elementor-button elementor-size-\" href=\"https:\/\/antxusaroztegia.eus\/eu\/contactos\/\">\n\t\t\t\t\t\tCONTACTOS\t\t\t\t\t<\/a>\n\t\t\t\t\t<\/div>\n\t\t\t\t\t\t\t<\/div>\n\t\t\t\t\t\t<\/div>\n\t\t\t\t\t\t<\/div>\n\t\t\t\t<\/div>\n\t\t\t\t<\/div>\n\t\t\t\t<\/div>","protected":false},"excerpt":{"rendered":"<p>Nuestros Servicios Carpinteria en general Carpinter\u00eda en general Realizamos todo tipo de trabajos en madera para viviendas, locales comerciales y reformas. Desde mobiliario a medida hasta soluciones funcionales y est\u00e9ticas para cualquier espacio. Cocinas a medida Realizamos todo tipo de trabajos en madera para viviendas, locales comerciales y reformas. Desde mobiliario a medida hasta soluciones [&hellip;]<\/p>\n","protected":false},"author":1,"featured_media":0,"parent":0,"menu_order":0,"comment_status":"closed","ping_status":"closed","template":"elementor_canvas","meta":{"footnotes":""},"class_list":["post-17","page","type-page","status-publish","hentry"],"yoast_head":"<!-- This site is optimized with the Yoast SEO plugin v27.5 - https:\/\/yoast.com\/product\/yoast-seo-wordpress\/ -->\n<title>Servicios - Antxus Aroztegia<\/title>\n<meta name=\"robots\" content=\"index, follow, max-snippet:-1, max-image-preview:large, max-video-preview:-1\" \/>\n<link rel=\"canonical\" href=\"https:\/\/antxusaroztegia.eus\/eu\/servicios\/\" \/>\n<meta property=\"og:locale\" content=\"en_US\" \/>\n<meta property=\"og:type\" content=\"article\" \/>\n<meta property=\"og:title\" content=\"Servicios - Antxus Aroztegia\" \/>\n<meta property=\"og:description\" content=\"Nuestros Servicios Carpinteria en general Carpinter\u00eda en general Realizamos todo tipo de trabajos en madera para viviendas, locales comerciales y reformas. Desde mobiliario a medida hasta soluciones funcionales y est\u00e9ticas para cualquier espacio. Cocinas a medida Realizamos todo tipo de trabajos en madera para viviendas, locales comerciales y reformas. Desde mobiliario a medida hasta soluciones [&hellip;]\" \/>\n<meta property=\"og:url\" content=\"https:\/\/antxusaroztegia.eus\/eu\/servicios\/\" \/>\n<meta property=\"og:site_name\" content=\"Antxus Aroztegia\" \/>\n<meta property=\"article:modified_time\" content=\"2025-06-10T08:46:44+00:00\" \/>\n<meta property=\"og:image\" content=\"https:\/\/antxusaroztegia.eus\/wp-content\/uploads\/2025\/06\/Diseno-sin-titulo-2-1024x853.png\" \/>\n<meta name=\"twitter:card\" content=\"summary_large_image\" \/>\n<meta name=\"twitter:label1\" content=\"Est. reading time\" \/>\n\t<meta name=\"twitter:data1\" content=\"2 minutua\" \/>\n<script type=\"application\/ld+json\" class=\"yoast-schema-graph\">{\"@context\":\"https:\\\/\\\/schema.org\",\"@graph\":[{\"@type\":\"WebPage\",\"@id\":\"https:\\\/\\\/antxusaroztegia.eus\\\/servicios\\\/\",\"url\":\"https:\\\/\\\/antxusaroztegia.eus\\\/servicios\\\/\",\"name\":\"Servicios - Antxus Aroztegia\",\"isPartOf\":{\"@id\":\"https:\\\/\\\/antxusaroztegia.eus\\\/#website\"},\"primaryImageOfPage\":{\"@id\":\"https:\\\/\\\/antxusaroztegia.eus\\\/servicios\\\/#primaryimage\"},\"image\":{\"@id\":\"https:\\\/\\\/antxusaroztegia.eus\\\/servicios\\\/#primaryimage\"},\"thumbnailUrl\":\"https:\\\/\\\/antxusaroztegia.eus\\\/wp-content\\\/uploads\\\/2025\\\/06\\\/Diseno-sin-titulo-2-1024x853.png\",\"datePublished\":\"2025-06-09T15:51:19+00:00\",\"dateModified\":\"2025-06-10T08:46:44+00:00\",\"breadcrumb\":{\"@id\":\"https:\\\/\\\/antxusaroztegia.eus\\\/servicios\\\/#breadcrumb\"},\"inLanguage\":\"eu\",\"potentialAction\":[{\"@type\":\"ReadAction\",\"target\":[\"https:\\\/\\\/antxusaroztegia.eus\\\/servicios\\\/\"]}]},{\"@type\":\"ImageObject\",\"inLanguage\":\"eu\",\"@id\":\"https:\\\/\\\/antxusaroztegia.eus\\\/servicios\\\/#primaryimage\",\"url\":\"https:\\\/\\\/antxusaroztegia.eus\\\/wp-content\\\/uploads\\\/2025\\\/06\\\/Diseno-sin-titulo-2-1024x853.png\",\"contentUrl\":\"https:\\\/\\\/antxusaroztegia.eus\\\/wp-content\\\/uploads\\\/2025\\\/06\\\/Diseno-sin-titulo-2-1024x853.png\"},{\"@type\":\"BreadcrumbList\",\"@id\":\"https:\\\/\\\/antxusaroztegia.eus\\\/servicios\\\/#breadcrumb\",\"itemListElement\":[{\"@type\":\"ListItem\",\"position\":1,\"name\":\"Portada\",\"item\":\"https:\\\/\\\/antxusaroztegia.eus\\\/\"},{\"@type\":\"ListItem\",\"position\":2,\"name\":\"Servicios\"}]},{\"@type\":\"WebSite\",\"@id\":\"https:\\\/\\\/antxusaroztegia.eus\\\/#website\",\"url\":\"https:\\\/\\\/antxusaroztegia.eus\\\/\",\"name\":\"Antxus Aroztegia\",\"description\":\"Carpinteria en general\",\"publisher\":{\"@id\":\"https:\\\/\\\/antxusaroztegia.eus\\\/#organization\"},\"potentialAction\":[{\"@type\":\"SearchAction\",\"target\":{\"@type\":\"EntryPoint\",\"urlTemplate\":\"https:\\\/\\\/antxusaroztegia.eus\\\/?s={search_term_string}\"},\"query-input\":{\"@type\":\"PropertyValueSpecification\",\"valueRequired\":true,\"valueName\":\"search_term_string\"}}],\"inLanguage\":\"eu\"},{\"@type\":\"Organization\",\"@id\":\"https:\\\/\\\/antxusaroztegia.eus\\\/#organization\",\"name\":\"Antxus Aroztegia\",\"url\":\"https:\\\/\\\/antxusaroztegia.eus\\\/\",\"logo\":{\"@type\":\"ImageObject\",\"inLanguage\":\"eu\",\"@id\":\"https:\\\/\\\/antxusaroztegia.eus\\\/#\\\/schema\\\/logo\\\/image\\\/\",\"url\":\"https:\\\/\\\/antxusaroztegia.eus\\\/wp-content\\\/uploads\\\/2025\\\/06\\\/cropped-Diseno-sin-titulo.png\",\"contentUrl\":\"https:\\\/\\\/antxusaroztegia.eus\\\/wp-content\\\/uploads\\\/2025\\\/06\\\/cropped-Diseno-sin-titulo.png\",\"width\":500,\"height\":185,\"caption\":\"Antxus Aroztegia\"},\"image\":{\"@id\":\"https:\\\/\\\/antxusaroztegia.eus\\\/#\\\/schema\\\/logo\\\/image\\\/\"}}]}<\/script>\n<!-- \/ Yoast SEO plugin. -->","yoast_head_json":{"title":"Servicios - Antxus Aroztegia","robots":{"index":"index","follow":"follow","max-snippet":"max-snippet:-1","max-image-preview":"max-image-preview:large","max-video-preview":"max-video-preview:-1"},"canonical":"https:\/\/antxusaroztegia.eus\/eu\/servicios\/","og_locale":"en_US","og_type":"article","og_title":"Servicios - Antxus Aroztegia","og_description":"Nuestros Servicios Carpinteria en general Carpinter\u00eda en general Realizamos todo tipo de trabajos en madera para viviendas, locales comerciales y reformas. Desde mobiliario a medida hasta soluciones funcionales y est\u00e9ticas para cualquier espacio. Cocinas a medida Realizamos todo tipo de trabajos en madera para viviendas, locales comerciales y reformas. Desde mobiliario a medida hasta soluciones [&hellip;]","og_url":"https:\/\/antxusaroztegia.eus\/eu\/servicios\/","og_site_name":"Antxus Aroztegia","article_modified_time":"2025-06-10T08:46:44+00:00","og_image":[{"url":"https:\/\/antxusaroztegia.eus\/wp-content\/uploads\/2025\/06\/Diseno-sin-titulo-2-1024x853.png","type":"","width":"","height":""}],"twitter_card":"summary_large_image","twitter_misc":{"Est. reading time":"2 minutua"},"schema":{"@context":"https:\/\/schema.org","@graph":[{"@type":"WebPage","@id":"https:\/\/antxusaroztegia.eus\/servicios\/","url":"https:\/\/antxusaroztegia.eus\/servicios\/","name":"Servicios - Antxus Aroztegia","isPartOf":{"@id":"https:\/\/antxusaroztegia.eus\/#website"},"primaryImageOfPage":{"@id":"https:\/\/antxusaroztegia.eus\/servicios\/#primaryimage"},"image":{"@id":"https:\/\/antxusaroztegia.eus\/servicios\/#primaryimage"},"thumbnailUrl":"https:\/\/antxusaroztegia.eus\/wp-content\/uploads\/2025\/06\/Diseno-sin-titulo-2-1024x853.png","datePublished":"2025-06-09T15:51:19+00:00","dateModified":"2025-06-10T08:46:44+00:00","breadcrumb":{"@id":"https:\/\/antxusaroztegia.eus\/servicios\/#breadcrumb"},"inLanguage":"eu","potentialAction":[{"@type":"ReadAction","target":["https:\/\/antxusaroztegia.eus\/servicios\/"]}]},{"@type":"ImageObject","inLanguage":"eu","@id":"https:\/\/antxusaroztegia.eus\/servicios\/#primaryimage","url":"https:\/\/antxusaroztegia.eus\/wp-content\/uploads\/2025\/06\/Diseno-sin-titulo-2-1024x853.png","contentUrl":"https:\/\/antxusaroztegia.eus\/wp-content\/uploads\/2025\/06\/Diseno-sin-titulo-2-1024x853.png"},{"@type":"BreadcrumbList","@id":"https:\/\/antxusaroztegia.eus\/servicios\/#breadcrumb","itemListElement":[{"@type":"ListItem","position":1,"name":"Portada","item":"https:\/\/antxusaroztegia.eus\/"},{"@type":"ListItem","position":2,"name":"Servicios"}]},{"@type":"WebSite","@id":"https:\/\/antxusaroztegia.eus\/#website","url":"https:\/\/antxusaroztegia.eus\/","name":"Antxus Aroztegia","description":"Arotzeria, oro har","publisher":{"@id":"https:\/\/antxusaroztegia.eus\/#organization"},"potentialAction":[{"@type":"SearchAction","target":{"@type":"EntryPoint","urlTemplate":"https:\/\/antxusaroztegia.eus\/?s={search_term_string}"},"query-input":{"@type":"PropertyValueSpecification","valueRequired":true,"valueName":"search_term_string"}}],"inLanguage":"eu"},{"@type":"Organization","@id":"https:\/\/antxusaroztegia.eus\/#organization","name":"Antxus Aroztegia","url":"https:\/\/antxusaroztegia.eus\/","logo":{"@type":"ImageObject","inLanguage":"eu","@id":"https:\/\/antxusaroztegia.eus\/#\/schema\/logo\/image\/","url":"https:\/\/antxusaroztegia.eus\/wp-content\/uploads\/2025\/06\/cropped-Diseno-sin-titulo.png","contentUrl":"https:\/\/antxusaroztegia.eus\/wp-content\/uploads\/2025\/06\/cropped-Diseno-sin-titulo.png","width":500,"height":185,"caption":"Antxus Aroztegia"},"image":{"@id":"https:\/\/antxusaroztegia.eus\/#\/schema\/logo\/image\/"}}]}},"_links":{"self":[{"href":"https:\/\/antxusaroztegia.eus\/eu\/wp-json\/wp\/v2\/pages\/17","targetHints":{"allow":["GET"]}}],"collection":[{"href":"https:\/\/antxusaroztegia.eus\/eu\/wp-json\/wp\/v2\/pages"}],"about":[{"href":"https:\/\/antxusaroztegia.eus\/eu\/wp-json\/wp\/v2\/types\/page"}],"author":[{"embeddable":true,"href":"https:\/\/antxusaroztegia.eus\/eu\/wp-json\/wp\/v2\/users\/1"}],"replies":[{"embeddable":true,"href":"https:\/\/antxusaroztegia.eus\/eu\/wp-json\/wp\/v2\/comments?post=17"}],"version-history":[{"count":49,"href":"https:\/\/antxusaroztegia.eus\/eu\/wp-json\/wp\/v2\/pages\/17\/revisions"}],"predecessor-version":[{"id":203,"href":"https:\/\/antxusaroztegia.eus\/eu\/wp-json\/wp\/v2\/pages\/17\/revisions\/203"}],"wp:attachment":[{"href":"https:\/\/antxusaroztegia.eus\/eu\/wp-json\/wp\/v2\/media?parent=17"}],"curies":[{"name":"wp","href":"https:\/\/api.w.org\/{rel}","templated":true}]}}